{"id":4133,"date":"2024-01-22T11:04:06","date_gmt":"2024-01-22T15:04:06","guid":{"rendered":"https:\/\/gobiernojima.gob.ec\/azuay\/?page_id=4133"},"modified":"2024-02-08T17:15:59","modified_gmt":"2024-02-08T21:15:59","slug":"procesos-de-contratacion","status":"publish","type":"page","link":"https:\/\/gobiernojima.gob.ec\/azuay\/procesos-de-contratacion\/","title":{"rendered":"Procesos de Contrataci\u00f3n"},"content":{"rendered":"<h1><span style=\"color: #000000;\"><strong>SUBASTA INVERSA\u00a0<\/strong><\/span><\/h1>\n<ul>\n<li><strong><span style=\"color: #000000;\">SERVICIO DE ALQUILER DE<\/span> EQUIPO CAMINERO PARA EJECUTAR EL MANTENIMIENTO VIAL A NIVEL DE LASTRE DE LAS V\u00cdAS RURALES DE LA PARROQUIA JIMA, DEL CANT\u00d3N S\u00cdGSIG, PROVINCIA DEL AZUAY<\/strong><\/li>\n<\/ul>\n<p><a href=\"https:\/\/www.compraspublicas.gob.ec\/ProcesoContratacion\/compras\/PC\/informacionProcesoContratacion2.cpe?idSoliCompra=9mveutnzAShUEfA3YXUYheUqDLqEzsN7fvb6j8aufpo,\">https:\/\/www.compraspublicas.gob.ec\/ProcesoContratacion\/compras\/PC\/informacionProcesoContratacion2.cpe?idSoliCompra=9mveutnzAShUEfA3YXUYheUqDLqEzsN7fvb6j8aufpo,<\/a><\/p>\n<p>&nbsp;<\/p>\n<ul>\n<li><strong>SERVICIO DE ALQUILER DE EQUIPO CAMINERO PARA EJECUTAR EL MANTENIMIENTO VIAL A NIVEL DE LASTRE DE LAS V\u00cdAS CENTRO PARROQUIAL JIMA \u2013 ZHAMAR Y CONTINUACI\u00d3N DE V\u00cdA ZHIPTA \u2013 MORIR\u00c9 DE LA PARROQUIA JIMA, DEL CANT\u00d3N S\u00cdGSIG, PROVINCIA DEL AZUAY<\/strong><\/li>\n<\/ul>\n<p><a href=\"https:\/\/www.compraspublicas.gob.ec\/ProcesoContratacion\/compras\/PC\/informacionProcesoContratacion2.cpe?idSoliCompra=tPOkLvJuAD6Gs0iP1SQqvvauowTvKxfXnhzpkMKWk_Y,\">https:\/\/www.compraspublicas.gob.ec\/ProcesoContratacion\/compras\/PC\/informacionProcesoContratacion2.cpe?idSoliCompra=tPOkLvJuAD6Gs0iP1SQqvvauowTvKxfXnhzpkMKWk_Y,<\/a><\/p>\n<p>&nbsp;<\/p>\n<h1><strong>CONSULTOR\u00cdA CONTRATACI\u00d3N DIRECTA<\/strong><\/h1>\n<ul>\n<li><strong>ACTUALIZACI\u00d3N DEL PLAN DE DESARROLLO Y ORDENAMIENTO TERRITORIAL DE LA PARROQUIA JIMA DEL CANT\u00d3N S\u00cdGSIG, PROVINCIA DEL AZUAY<\/strong><\/li>\n<\/ul>\n<p><a href=\"https:\/\/www.compraspublicas.gob.ec\/ProcesoContratacion\/compras\/PC\/informacionProcesoContratacion2.cpe?idSoliCompra=ADUus-ZL9fbcI2UWLL7fPHKf87EV8rhcpboPEdkDJNw,\"><strong>https:\/\/www.compraspublicas.gob.ec\/ProcesoContratacion\/co<\/strong>mpras\/PC\/informacionProcesoContratacion2.cpe?idSoliCompra=ADUus-ZL9fbcI2UWLL7fPHKf87EV8rhcpboPEdkDJNw,<\/a><\/p>\n<p>&nbsp;<\/p>\n<p>&nbsp;<\/p>\n<h1><strong>\u00cdNFIMAS:<\/strong><\/h1>\n<p><a href=\"https:\/\/www.compraspublicas.gob.ec\/ProcesoContratacion\/compras\/IC\/buscarInfima.cpe#\">https:\/\/www.compraspublicas.gob.ec\/ProcesoContratacion\/compras\/IC\/buscarInfima.cpe#<\/a><\/p>\n<p>&nbsp;<\/p>\n<p>&nbsp;<\/p>\n<p>&nbsp;<\/p>\n<p>&nbsp;<\/p>\n<p>&nbsp;<\/p>\n","protected":false},"excerpt":{"rendered":"<p>SUBASTA INVERSA\u00a0 SERVICIO DE ALQUILER DE EQUIPO CAMINERO PARA EJECUTAR EL MANTENIMIENTO VIAL A NIVEL DE LASTRE DE LAS V\u00cdAS RURALES DE LA PARROQUIA JIMA, DEL CANT\u00d3N S\u00cdGSIG, PROVINCIA DEL AZUAY https:\/\/www.compraspublicas.gob.ec\/ProcesoContratacion\/compras\/PC\/informacionProcesoContratacion2.cpe?idSoliCompra=9mveutnzAShUEfA3YXUYheUqDLqEzsN7fvb6j8aufpo, &nbsp; SERVICIO DE ALQUILER DE EQUIPO CAMINERO PARA EJECUTAR EL MANTENIMIENTO VIAL A NIVEL DE LASTRE DE LAS V\u00cdAS CENTRO PARROQUIAL JIMA \u2013 [&hellip;]<\/p>\n","protected":false},"author":6,"featured_media":0,"parent":0,"menu_order":0,"comment_status":"closed","ping_status":"closed","template":"","meta":{"footnotes":""},"class_list":["post-4133","page","type-page","status-publish","hentry"],"yoast_head":"<!-- This site is optimized with the Yoast SEO plugin v26.9 - https:\/\/yoast.com\/product\/yoast-seo-wordpress\/ -->\n<title>Procesos de Contrataci\u00f3n - GAD parroquial Jima<\/title>\n<meta name=\"robots\" content=\"index, follow, max-snippet:-1, max-image-preview:large, max-video-preview:-1\" \/>\n<link rel=\"canonical\" href=\"https:\/\/gobiernojima.gob.ec\/azuay\/procesos-de-contratacion\/\" \/>\n<meta property=\"og:locale\" content=\"es_ES\" \/>\n<meta property=\"og:type\" content=\"article\" \/>\n<meta property=\"og:title\" content=\"Procesos de Contrataci\u00f3n - GAD parroquial Jima\" \/>\n<meta property=\"og:description\" content=\"SUBASTA INVERSA\u00a0 SERVICIO DE ALQUILER DE EQUIPO CAMINERO PARA EJECUTAR EL MANTENIMIENTO VIAL A NIVEL DE LASTRE DE LAS V\u00cdAS RURALES DE LA PARROQUIA JIMA, DEL CANT\u00d3N S\u00cdGSIG, PROVINCIA DEL AZUAY https:\/\/www.compraspublicas.gob.ec\/ProcesoContratacion\/compras\/PC\/informacionProcesoContratacion2.cpe?idSoliCompra=9mveutnzAShUEfA3YXUYheUqDLqEzsN7fvb6j8aufpo, &nbsp; SERVICIO DE ALQUILER DE EQUIPO CAMINERO PARA EJECUTAR EL MANTENIMIENTO VIAL A NIVEL DE LASTRE DE LAS V\u00cdAS CENTRO PARROQUIAL JIMA \u2013 [&hellip;]\" \/>\n<meta property=\"og:url\" content=\"https:\/\/gobiernojima.gob.ec\/azuay\/procesos-de-contratacion\/\" \/>\n<meta property=\"og:site_name\" content=\"GAD parroquial Jima\" \/>\n<meta property=\"article:publisher\" content=\"https:\/\/www.facebook.com\/profile.php?id=100092480238734\" \/>\n<meta property=\"article:modified_time\" content=\"2024-02-08T21:15:59+00:00\" \/>\n<meta name=\"twitter:card\" content=\"summary_large_image\" \/>\n<meta name=\"twitter:label1\" content=\"Tiempo de lectura\" \/>\n\t<meta name=\"twitter:data1\" content=\"1 minuto\" \/>\n<script type=\"application\/ld+json\" class=\"yoast-schema-graph\">{\"@context\":\"https:\/\/schema.org\",\"@graph\":[{\"@type\":\"WebPage\",\"@id\":\"https:\/\/gobiernojima.gob.ec\/azuay\/procesos-de-contratacion\/\",\"url\":\"https:\/\/gobiernojima.gob.ec\/azuay\/procesos-de-contratacion\/\",\"name\":\"Procesos de Contrataci\u00f3n - GAD parroquial Jima\",\"isPartOf\":{\"@id\":\"https:\/\/gobiernojima.gob.ec\/azuay\/#website\"},\"datePublished\":\"2024-01-22T15:04:06+00:00\",\"dateModified\":\"2024-02-08T21:15:59+00:00\",\"breadcrumb\":{\"@id\":\"https:\/\/gobiernojima.gob.ec\/azuay\/procesos-de-contratacion\/#breadcrumb\"},\"inLanguage\":\"es\",\"potentialAction\":[{\"@type\":\"ReadAction\",\"target\":[\"https:\/\/gobiernojima.gob.ec\/azuay\/procesos-de-contratacion\/\"]}]},{\"@type\":\"BreadcrumbList\",\"@id\":\"https:\/\/gobiernojima.gob.ec\/azuay\/procesos-de-contratacion\/#breadcrumb\",\"itemListElement\":[{\"@type\":\"ListItem\",\"position\":1,\"name\":\"Portada\",\"item\":\"https:\/\/gobiernojima.gob.ec\/azuay\/\"},{\"@type\":\"ListItem\",\"position\":2,\"name\":\"Procesos de Contrataci\u00f3n\"}]},{\"@type\":\"WebSite\",\"@id\":\"https:\/\/gobiernojima.gob.ec\/azuay\/#website\",\"url\":\"https:\/\/gobiernojima.gob.ec\/azuay\/\",\"name\":\"GAD parroquial Jima\",\"description\":\"Sitio Oficial del GAD Parroquial Jima Azuay\",\"publisher\":{\"@id\":\"https:\/\/gobiernojima.gob.ec\/azuay\/#organization\"},\"potentialAction\":[{\"@type\":\"SearchAction\",\"target\":{\"@type\":\"EntryPoint\",\"urlTemplate\":\"https:\/\/gobiernojima.gob.ec\/azuay\/?s={search_term_string}\"},\"query-input\":{\"@type\":\"PropertyValueSpecification\",\"valueRequired\":true,\"valueName\":\"search_term_string\"}}],\"inLanguage\":\"es\"},{\"@type\":\"Organization\",\"@id\":\"https:\/\/gobiernojima.gob.ec\/azuay\/#organization\",\"name\":\"GAD Jima Azuay\",\"url\":\"https:\/\/gobiernojima.gob.ec\/azuay\/\",\"logo\":{\"@type\":\"ImageObject\",\"inLanguage\":\"es\",\"@id\":\"https:\/\/gobiernojima.gob.ec\/azuay\/#\/schema\/logo\/image\/\",\"url\":\"https:\/\/gobiernojima.gob.ec\/azuay\/wp-content\/uploads\/2023\/11\/gobierno-Jima.jpg\",\"contentUrl\":\"https:\/\/gobiernojima.gob.ec\/azuay\/wp-content\/uploads\/2023\/11\/gobierno-Jima.jpg\",\"width\":1984,\"height\":2048,\"caption\":\"GAD Jima Azuay\"},\"image\":{\"@id\":\"https:\/\/gobiernojima.gob.ec\/azuay\/#\/schema\/logo\/image\/\"},\"sameAs\":[\"https:\/\/www.facebook.com\/profile.php?id=100092480238734\",\"https:\/\/www.instagram.com\/gadpjima\/\",\"https:\/\/www.tiktok.com\/@gadpjima?lang=es\"]}]}<\/script>\n<!-- \/ Yoast SEO plugin. -->","yoast_head_json":{"title":"Procesos de Contrataci\u00f3n - GAD parroquial Jima","robots":{"index":"index","follow":"follow","max-snippet":"max-snippet:-1","max-image-preview":"max-image-preview:large","max-video-preview":"max-video-preview:-1"},"canonical":"https:\/\/gobiernojima.gob.ec\/azuay\/procesos-de-contratacion\/","og_locale":"es_ES","og_type":"article","og_title":"Procesos de Contrataci\u00f3n - GAD parroquial Jima","og_description":"SUBASTA INVERSA\u00a0 SERVICIO DE ALQUILER DE EQUIPO CAMINERO PARA EJECUTAR EL MANTENIMIENTO VIAL A NIVEL DE LASTRE DE LAS V\u00cdAS RURALES DE LA PARROQUIA JIMA, DEL CANT\u00d3N S\u00cdGSIG, PROVINCIA DEL AZUAY https:\/\/www.compraspublicas.gob.ec\/ProcesoContratacion\/compras\/PC\/informacionProcesoContratacion2.cpe?idSoliCompra=9mveutnzAShUEfA3YXUYheUqDLqEzsN7fvb6j8aufpo, &nbsp; SERVICIO DE ALQUILER DE EQUIPO CAMINERO PARA EJECUTAR EL MANTENIMIENTO VIAL A NIVEL DE LASTRE DE LAS V\u00cdAS CENTRO PARROQUIAL JIMA \u2013 [&hellip;]","og_url":"https:\/\/gobiernojima.gob.ec\/azuay\/procesos-de-contratacion\/","og_site_name":"GAD parroquial Jima","article_publisher":"https:\/\/www.facebook.com\/profile.php?id=100092480238734","article_modified_time":"2024-02-08T21:15:59+00:00","twitter_card":"summary_large_image","twitter_misc":{"Tiempo de lectura":"1 minuto"},"schema":{"@context":"https:\/\/schema.org","@graph":[{"@type":"WebPage","@id":"https:\/\/gobiernojima.gob.ec\/azuay\/procesos-de-contratacion\/","url":"https:\/\/gobiernojima.gob.ec\/azuay\/procesos-de-contratacion\/","name":"Procesos de Contrataci\u00f3n - GAD parroquial Jima","isPartOf":{"@id":"https:\/\/gobiernojima.gob.ec\/azuay\/#website"},"datePublished":"2024-01-22T15:04:06+00:00","dateModified":"2024-02-08T21:15:59+00:00","breadcrumb":{"@id":"https:\/\/gobiernojima.gob.ec\/azuay\/procesos-de-contratacion\/#breadcrumb"},"inLanguage":"es","potentialAction":[{"@type":"ReadAction","target":["https:\/\/gobiernojima.gob.ec\/azuay\/procesos-de-contratacion\/"]}]},{"@type":"BreadcrumbList","@id":"https:\/\/gobiernojima.gob.ec\/azuay\/procesos-de-contratacion\/#breadcrumb","itemListElement":[{"@type":"ListItem","position":1,"name":"Portada","item":"https:\/\/gobiernojima.gob.ec\/azuay\/"},{"@type":"ListItem","position":2,"name":"Procesos de Contrataci\u00f3n"}]},{"@type":"WebSite","@id":"https:\/\/gobiernojima.gob.ec\/azuay\/#website","url":"https:\/\/gobiernojima.gob.ec\/azuay\/","name":"GAD parroquial Jima","description":"Sitio Oficial del GAD Parroquial Jima Azuay","publisher":{"@id":"https:\/\/gobiernojima.gob.ec\/azuay\/#organization"},"potentialAction":[{"@type":"SearchAction","target":{"@type":"EntryPoint","urlTemplate":"https:\/\/gobiernojima.gob.ec\/azuay\/?s={search_term_string}"},"query-input":{"@type":"PropertyValueSpecification","valueRequired":true,"valueName":"search_term_string"}}],"inLanguage":"es"},{"@type":"Organization","@id":"https:\/\/gobiernojima.gob.ec\/azuay\/#organization","name":"GAD Jima Azuay","url":"https:\/\/gobiernojima.gob.ec\/azuay\/","logo":{"@type":"ImageObject","inLanguage":"es","@id":"https:\/\/gobiernojima.gob.ec\/azuay\/#\/schema\/logo\/image\/","url":"https:\/\/gobiernojima.gob.ec\/azuay\/wp-content\/uploads\/2023\/11\/gobierno-Jima.jpg","contentUrl":"https:\/\/gobiernojima.gob.ec\/azuay\/wp-content\/uploads\/2023\/11\/gobierno-Jima.jpg","width":1984,"height":2048,"caption":"GAD Jima Azuay"},"image":{"@id":"https:\/\/gobiernojima.gob.ec\/azuay\/#\/schema\/logo\/image\/"},"sameAs":["https:\/\/www.facebook.com\/profile.php?id=100092480238734","https:\/\/www.instagram.com\/gadpjima\/","https:\/\/www.tiktok.com\/@gadpjima?lang=es"]}]}},"_links":{"self":[{"href":"https:\/\/gobiernojima.gob.ec\/azuay\/wp-json\/wp\/v2\/pages\/4133","targetHints":{"allow":["GET"]}}],"collection":[{"href":"https:\/\/gobiernojima.gob.ec\/azuay\/wp-json\/wp\/v2\/pages"}],"about":[{"href":"https:\/\/gobiernojima.gob.ec\/azuay\/wp-json\/wp\/v2\/types\/page"}],"author":[{"embeddable":true,"href":"https:\/\/gobiernojima.gob.ec\/azuay\/wp-json\/wp\/v2\/users\/6"}],"replies":[{"embeddable":true,"href":"https:\/\/gobiernojima.gob.ec\/azuay\/wp-json\/wp\/v2\/comments?post=4133"}],"version-history":[{"count":7,"href":"https:\/\/gobiernojima.gob.ec\/azuay\/wp-json\/wp\/v2\/pages\/4133\/revisions"}],"predecessor-version":[{"id":4157,"href":"https:\/\/gobiernojima.gob.ec\/azuay\/wp-json\/wp\/v2\/pages\/4133\/revisions\/4157"}],"wp:attachment":[{"href":"https:\/\/gobiernojima.gob.ec\/azuay\/wp-json\/wp\/v2\/media?parent=4133"}],"curies":[{"name":"wp","href":"https:\/\/api.w.org\/{rel}","templated":true}]}}