{"id":3975,"date":"2022-12-31T10:13:25","date_gmt":"2022-12-31T14:13:25","guid":{"rendered":"https:\/\/gobiernojima.gob.ec\/azuay\/?page_id=3975"},"modified":"2024-06-29T10:11:13","modified_gmt":"2024-06-29T14:11:13","slug":"rendicion-de-cuentas-2023","status":"publish","type":"page","link":"https:\/\/gobiernojima.gob.ec\/azuay\/rendicion-de-cuentas-2023\/","title":{"rendered":"Rendici\u00f3n de Cuentas 2023"},"content":{"rendered":"<p><a href=\"https:\/\/gobiernojima.gob.ec\/azuay\/wp-content\/uploads\/2024\/06\/429966993_122118094706211337_4432417427847767589_n.jpg\"><img loading=\"lazy\" decoding=\"async\" class=\"alignnone wp-image-4744\" src=\"https:\/\/gobiernojima.gob.ec\/azuay\/wp-content\/uploads\/2024\/06\/429966993_122118094706211337_4432417427847767589_n.jpg\" alt=\"\" width=\"397\" height=\"397\" srcset=\"https:\/\/gobiernojima.gob.ec\/azuay\/wp-content\/uploads\/2024\/06\/429966993_122118094706211337_4432417427847767589_n.jpg 1080w, https:\/\/gobiernojima.gob.ec\/azuay\/wp-content\/uploads\/2024\/06\/429966993_122118094706211337_4432417427847767589_n-550x550.jpg 550w, https:\/\/gobiernojima.gob.ec\/azuay\/wp-content\/uploads\/2024\/06\/429966993_122118094706211337_4432417427847767589_n-1024x1024.jpg 1024w, https:\/\/gobiernojima.gob.ec\/azuay\/wp-content\/uploads\/2024\/06\/429966993_122118094706211337_4432417427847767589_n-150x150.jpg 150w\" sizes=\"auto, (max-width: 397px) 100vw, 397px\" \/><\/a><\/p>\n<div class=\"su-accordion su-u-trim\"><\/div><div class=\"su-spoiler su-spoiler-style-default su-spoiler-icon-plus su-spoiler-closed\" data-scroll-offset=\"0\" data-anchor-in-url=\"no\"><div class=\"su-spoiler-title\" tabindex=\"0\" role=\"button\"><span class=\"su-spoiler-icon\"><\/span>FASE 1: <strong>PLANIFICACI\u00d3N Y FACILITACI\u00d3N DEL PROCESO DESDE LA ASAMBLEA LOCAL<\/strong><\/div><div class=\"su-spoiler-content su-u-clearfix su-u-trim\">\n<\/div><\/div>\n<p><strong>Organizaci\u00f3n del proceso<\/strong><\/p>\n<p><a href=\"https:\/\/gobiernojima.gob.ec\/azuay\/wp-content\/uploads\/2024\/06\/ORDEN-DEL-DIA-RENDICION-DE-CUENTAS-2023.pdf\">ORDEN DEL DIA RENDICION DE CUENTAR 2023<\/a><\/p>\n<p><strong>\u2060Consulta Ciudadana<\/strong><\/p>\n<p><a href=\"https:\/\/www.facebook.com\/photo.php?fbid=122118094712211337&amp;set=pb.61556340114128.-2207520000&amp;type=3\">https:\/\/www.facebook.com\/photo.php?fbid=122118094712211337&amp;set=pb.61556340114128.-2207520000&amp;type=3<\/a><\/p>\n<p><strong>Entrega de temas para que el GAD rinda cuentas<\/strong><\/p>\n<p><a href=\"https:\/\/gobiernojima.gob.ec\/azuay\/wp-content\/uploads\/2024\/06\/ORDEN-DEL-DIA-RENDICION-DE-CUENTAS-2023.pdf\">ORDEN DEL DIA RENDICION DE CUENTAR 2023<\/a><\/p>\n<div class=\"su-accordion su-u-trim\"><\/div><div class=\"su-spoiler su-spoiler-style-default su-spoiler-icon-plus su-spoiler-closed\" data-scroll-offset=\"0\" data-anchor-in-url=\"no\"><div class=\"su-spoiler-title\" tabindex=\"0\" role=\"button\"><span class=\"su-spoiler-icon\"><\/span>FASE 2: <strong>EVALUACI\u00d3N DE LA GESTI\u00d3N Y ELABORACI\u00d3N DEL INFORME INSTITUCIONAL<\/strong><\/div><div class=\"su-spoiler-content su-u-clearfix su-u-trim\">\n<\/div><\/div>\n<p><strong>Evaluaci\u00f3n de la gesti\u00f3n institucional<\/strong><\/p>\n<p><a href=\"https:\/\/gobiernojima.gob.ec\/azuay\/wp-content\/uploads\/2024\/06\/INFORME-NARRATIVO-RCJIMA.pdf\">INFORME NARRATIVO RCJIMA<\/a><\/p>\n<p><strong>Llenado formulario del CPCCS<\/strong><\/p>\n<p><a href=\"https:\/\/gobiernojima.gob.ec\/azuay\/wp-content\/uploads\/2024\/06\/FORMULARIO-GAD-JIMA-1.pdf\">FORMULARIO GAD-JIMA (1)<\/a><\/p>\n<p><strong>Aprobaci\u00f3n del informe por el GAD<\/strong><\/p>\n<p><a href=\"https:\/\/gobiernojima.gob.ec\/azuay\/wp-content\/uploads\/2024\/06\/INFORME-NARRATIVO-RCJIMA.pdf\">INFORME NARRATIVO RCJIMA<\/a><\/p>\n<p><strong>Entrega previa del informe a la Asamblea Ciudadana Local<\/strong><strong>\u00a0<\/strong><\/p>\n<div class=\"su-accordion su-u-trim\"><\/div><div class=\"su-spoiler su-spoiler-style-default su-spoiler-icon-plus su-spoiler-closed\" data-scroll-offset=\"0\" data-anchor-in-url=\"no\"><div class=\"su-spoiler-title\" tabindex=\"0\" role=\"button\"><span class=\"su-spoiler-icon\"><\/span>FASE 3: <strong>DELIBERACI\u00d3N P\u00daBLICA Y EVALUACI\u00d3N CIUDADANA DEL INFORME INSTITUCIONAL<\/strong><\/div><div class=\"su-spoiler-content su-u-clearfix su-u-trim\">\n<\/div><\/div>\n<p><strong>La Asamblea Ciudadana Local eval\u00faa el informe de Rendici\u00f3n de Cuentas<\/strong><\/p>\n<p><a href=\"https:\/\/gobiernojima.gob.ec\/azuay\/wp-content\/uploads\/2024\/06\/FORMULARIO-GAD-JIMA-1.pdf\">FORMULARIO GAD-JIMA (1)<\/a><\/p>\n<p><strong>Difusi\u00f3n previa del Informe de Rendici\u00f3n de Cuentas<\/strong><\/p>\n<p><a href=\"https:\/\/gobiernojima.gob.ec\/azuay\/wp-content\/uploads\/2024\/06\/FORMULARIO-GAD-JIMA-1.pdf\">FORMULARIO GAD-JIMA (1)<\/a><\/p>\n<p><strong>Convocatoria a la deliberaci\u00f3n p\u00fablica y evaluaci\u00f3n ciudadana<\/strong><\/p>\n<p><a href=\"https:\/\/gobiernojima.gob.ec\/azuay\/wp-content\/uploads\/2024\/05\/Post-de-Instagram-Nuevo-Episodio-Podcast-Moderno-Turquesa-19.png\"><img loading=\"lazy\" decoding=\"async\" class=\"alignnone wp-image-4728\" src=\"https:\/\/gobiernojima.gob.ec\/azuay\/wp-content\/uploads\/2024\/05\/Post-de-Instagram-Nuevo-Episodio-Podcast-Moderno-Turquesa-19.png\" alt=\"\" width=\"404\" height=\"404\" srcset=\"https:\/\/gobiernojima.gob.ec\/azuay\/wp-content\/uploads\/2024\/05\/Post-de-Instagram-Nuevo-Episodio-Podcast-Moderno-Turquesa-19.png 1080w, https:\/\/gobiernojima.gob.ec\/azuay\/wp-content\/uploads\/2024\/05\/Post-de-Instagram-Nuevo-Episodio-Podcast-Moderno-Turquesa-19-550x550.png 550w, https:\/\/gobiernojima.gob.ec\/azuay\/wp-content\/uploads\/2024\/05\/Post-de-Instagram-Nuevo-Episodio-Podcast-Moderno-Turquesa-19-1024x1024.png 1024w, https:\/\/gobiernojima.gob.ec\/azuay\/wp-content\/uploads\/2024\/05\/Post-de-Instagram-Nuevo-Episodio-Podcast-Moderno-Turquesa-19-150x150.png 150w\" sizes=\"auto, (max-width: 404px) 100vw, 404px\" \/><\/a><\/p>\n<p>https:\/\/www.facebook.com\/GobiernoJima\/<\/p>\n<p><b>Deliberaci\u00f3n p\u00fablica y evaluaci\u00f3n ciudadana<\/b><\/p>\n<p>Transmisi\u00f3n en vivo por Facebook Live<\/p>\n<p><a href=\"https:\/\/www.facebook.com\/GobiernoJima\/videos\/1456611408549033\">https:\/\/www.facebook.com\/GobiernoJima\/videos\/1456611408549033<\/a><\/p>\n<p><a href=\"https:\/\/gobiernojima.gob.ec\/azuay\/wp-content\/uploads\/2024\/06\/PRESENTACION-RDC-2023-GAD-JIMA.pdf\">PRESENTACI\u00d3N RDC 2023 GAD JIMA<\/a><\/p>\n<div class=\"su-accordion su-u-trim\"><\/div><div class=\"su-spoiler su-spoiler-style-default su-spoiler-icon-plus su-spoiler-closed\" data-scroll-offset=\"0\" data-anchor-in-url=\"no\"><div class=\"su-spoiler-title\" tabindex=\"0\" role=\"button\"><span class=\"su-spoiler-icon\"><\/span>ACTAS<\/div><div class=\"su-spoiler-content su-u-clearfix su-u-trim\">\n<\/div><\/div>\n<p><a href=\"https:\/\/gobiernojima.gob.ec\/azuay\/wp-content\/uploads\/2024\/06\/ACTA-1-RENDICION-DE-CUENTAS-2023-ADM-023-027.pdf\">ACTA 1 RENDICION DE CUENTAS 2023 ADM 023-027<\/a><\/p>\n<p><a href=\"https:\/\/gobiernojima.gob.ec\/azuay\/wp-content\/uploads\/2024\/06\/ACTA-2-RENDICION-DE-CUENTAS-INTERVENCION-COMPROMISOS-ADM-023-027.pdf\">ACTA 2 RENDICION DE CUENTAS INTERVENCION COMPROMISOS ADM 023-027<\/a><\/p>\n<div class=\"su-accordion su-u-trim\"><\/div><div class=\"su-spoiler su-spoiler-style-default su-spoiler-icon-plus su-spoiler-closed\" data-scroll-offset=\"0\" data-anchor-in-url=\"no\"><div class=\"su-spoiler-title\" tabindex=\"0\" role=\"button\"><span class=\"su-spoiler-icon\"><\/span>FASE 4: <strong>INCORPORACI\u00d3N DE LA OPINI\u00d3N CIUDADANA RETROALIMENTACI\u00d3N Y SEGUIMIENTO<\/strong><\/div><div class=\"su-spoiler-content su-u-clearfix su-u-trim\">\n<\/div><\/div>\n<p><strong>Incorporaci\u00f3n de opini\u00f3n ciudadana<\/strong><\/p>\n<p><a href=\"https:\/\/gobiernojima.gob.ec\/azuay\/wp-content\/uploads\/2024\/06\/ACTA-2-RENDICION-DE-CUENTAS-INTERVENCION-COMPROMISOS-ADM-023-027.pdf\">ACTA 2 RENDICION DE CUENTAS INTERVENCION COMPROMISOS ADM 023-027<\/a><\/p>\n<p><strong>Entrega del Informe de Rendici\u00f3n de Cuentas al CPCCS<\/strong><\/p>\n<p><a href=\"https:\/\/gobiernojima.gob.ec\/azuay\/wp-content\/uploads\/2024\/06\/FORMULARIO-GAD-JIMA-2.pdf\">FORMULARIO GAD-JIMA<\/a><\/p>\n<p><a href=\"https:\/\/gobiernojima.gob.ec\/azuay\/wp-content\/uploads\/2024\/06\/INFORME-DE-RENDICION-DE-CUENTAS-PERIDO-2023-No-12715-JIMA.pdf\">INFORME DE RENDICI\u00d3N DE CUENTAS PERIDO 2023 No 12715-JIMA<\/a><\/p>\n<p><strong>Monitoreo del cumplimiento del proceso por el CPCCS<\/strong><\/p>\n<p><a href=\"https:\/\/gobiernojima.gob.ec\/azuay\/wp-content\/uploads\/2024\/06\/FORMULARIO-GAD-JIMA-2.pdf\">FORMULARIO GAD-JIMA<\/a><\/p>\n<div class=\"su-accordion su-u-trim\"><\/div><div class=\"su-spoiler su-spoiler-style-default su-spoiler-icon-plus su-spoiler-closed\" data-scroll-offset=\"0\" data-anchor-in-url=\"no\"><div class=\"su-spoiler-title\" tabindex=\"0\" role=\"button\"><span class=\"su-spoiler-icon\"><\/span>PRESENTACI\u00d3N RENDICI\u00d3N DE CUENTAS AUTORIDADES<\/div><div class=\"su-spoiler-content su-u-clearfix su-u-trim\">\n<\/div><\/div>\n<p>Lcdo. V\u00edctor Mar\u00edn. Presidente GADP Jima.<\/p>\n<p><a href=\"https:\/\/gobiernojima.gob.ec\/azuay\/wp-content\/uploads\/2024\/06\/PRESENTACION-RDC-2023-GAD-JIMA.pdf\">PRESENTACI\u00d3N RDC 2023 GAD JIMA<\/a><\/p>\n<p><a href=\"https:\/\/gobiernojima.gob.ec\/azuay\/wp-content\/uploads\/2024\/06\/Victor-Marin-Autoridades.pdf\">Victor Marin Autoridades<\/a><\/p>\n<p><a href=\"https:\/\/gobiernojima.gob.ec\/azuay\/wp-content\/uploads\/2024\/06\/SRI-en-Linea-Consulta-de-estado-tributario-VICTOR-MARIN.pdf\">SRI en L\u00ednea &#8211; Consulta de estado tributario-VICTOR MARIN<\/a><\/p>\n<p>Srta. Ligia Zhungo Morocho. Vicepresidente GADP Jima.<\/p>\n<p><a href=\"https:\/\/gobiernojima.gob.ec\/azuay\/wp-content\/uploads\/2024\/06\/RENDICION-DE-CUENTAS-2023-LIGIA-ZHUNGO.pdf\">RENDICION DE CUENTAS 2023 LIGIA ZHUNGO<\/a><\/p>\n<p><a href=\"https:\/\/gobiernojima.gob.ec\/azuay\/wp-content\/uploads\/2024\/06\/Ligia-Zhungo-Autoridades-3.pdf\">Ligia Zhungo Autoridades (3)<\/a><\/p>\n<p>Ing. Hugo Suqui Suqui. Vocal GADP Jima.<\/p>\n<p><a href=\"https:\/\/gobiernojima.gob.ec\/azuay\/wp-content\/uploads\/2024\/06\/RENDICION-DE-CUENTAS-2023-ING.-HUGO-SUQUI.pdf\">RENDICI\u00d3N DE CUENTAS 2023 ING. HUGO SUQUI<\/a><\/p>\n<p><a href=\"https:\/\/gobiernojima.gob.ec\/azuay\/wp-content\/uploads\/2024\/06\/Hugo-Suqui-Autoridades-1.pdf\">Hugo Suqui Autoridades (1)<\/a><\/p>\n<p><a href=\"https:\/\/gobiernojima.gob.ec\/azuay\/wp-content\/uploads\/2024\/06\/SRI-en-Linea-Consulta-de-estado-tributario-HUGO-SUQUI.pdf\">SRI en L\u00ednea &#8211; Consulta de estado tributario- HUGO SUQUI<\/a><\/p>\n<p>Sr. Salvador Zhunio Cajamarca. Vocal GADP Jima.<\/p>\n<p><a href=\"https:\/\/gobiernojima.gob.ec\/azuay\/wp-content\/uploads\/2024\/06\/RENDICION-DE-CUENTAS-2023-SR.-SALVADOR-ZHUNIO.pdf\">RENDICION DE CUENTAS 2023 SR. SALVADOR ZHUNIO<\/a><\/p>\n<p><a href=\"https:\/\/gobiernojima.gob.ec\/azuay\/wp-content\/uploads\/2024\/06\/informe-CPCCS-2023-salvador.pdf\">informe CPCCS 2023 salvador<\/a><\/p>\n<p><a href=\"https:\/\/gobiernojima.gob.ec\/azuay\/wp-content\/uploads\/2024\/06\/SRI-en-Linea-Consulta-de-estado-tributario-SALVADOR-ZHUNIO.pdf\">SRI en L\u00ednea &#8211; Consulta de estado tributario- SALVADOR ZHUNIO<\/a><\/p>\n<p>Sra. Carmen Zuin Jarro. Vocal GADP Jima.<\/p>\n<p><a href=\"https:\/\/gobiernojima.gob.ec\/azuay\/wp-content\/uploads\/2024\/06\/RENDICION-DE-CUENTAS-2023-SRA.-CAMEN-ZUIN.pdf\">RENDICION DE CUENTAS 2023 SRA. CAMEN ZUIN<\/a><\/p>\n<p><a href=\"https:\/\/gobiernojima.gob.ec\/azuay\/wp-content\/uploads\/2024\/06\/Carmen-Zuin-Autoridades-2.pdf\">Carmen Zuin Autoridades (2)<\/a><\/p>\n<p><a href=\"https:\/\/gobiernojima.gob.ec\/azuay\/wp-content\/uploads\/2024\/06\/SRI-en-Linea-Consulta-de-estado-tributario-CARMEN-ZUIN.pdf\">SRI en L\u00ednea &#8211; Consulta de estado tributario- CARMEN ZUIN<\/a><\/p>\n","protected":false},"excerpt":{"rendered":"<p>Organizaci\u00f3n del proceso ORDEN DEL DIA RENDICION DE CUENTAR 2023 \u2060Consulta Ciudadana https:\/\/www.facebook.com\/photo.php?fbid=122118094712211337&amp;set=pb.61556340114128.-2207520000&amp;type=3 Entrega de temas para que el GAD rinda cuentas ORDEN DEL DIA RENDICION DE CUENTAR 2023 Evaluaci\u00f3n de la gesti\u00f3n institucional INFORME NARRATIVO RCJIMA Llenado formulario del CPCCS FORMULARIO GAD-JIMA (1) Aprobaci\u00f3n del informe por el GAD INFORME NARRATIVO RCJIMA Entrega previa [&hellip;]<\/p>\n","protected":false},"author":6,"featured_media":0,"parent":0,"menu_order":0,"comment_status":"closed","ping_status":"closed","template":"","meta":{"footnotes":""},"class_list":["post-3975","page","type-page","status-publish","hentry"],"yoast_head":"<!-- This site is optimized with the Yoast SEO plugin v26.9 - https:\/\/yoast.com\/product\/yoast-seo-wordpress\/ -->\n<title>Rendici\u00f3n de Cuentas 2023 - GAD parroquial Jima<\/title>\n<meta name=\"robots\" content=\"index, follow, max-snippet:-1, max-image-preview:large, max-video-preview:-1\" \/>\n<link rel=\"canonical\" href=\"https:\/\/gobiernojima.gob.ec\/azuay\/rendicion-de-cuentas-2023\/\" \/>\n<meta property=\"og:locale\" content=\"es_ES\" \/>\n<meta property=\"og:type\" content=\"article\" \/>\n<meta property=\"og:title\" content=\"Rendici\u00f3n de Cuentas 2023 - GAD parroquial Jima\" \/>\n<meta property=\"og:description\" content=\"Organizaci\u00f3n del proceso ORDEN DEL DIA RENDICION DE CUENTAR 2023 \u2060Consulta Ciudadana https:\/\/www.facebook.com\/photo.php?fbid=122118094712211337&amp;set=pb.61556340114128.-2207520000&amp;type=3 Entrega de temas para que el GAD rinda cuentas ORDEN DEL DIA RENDICION DE CUENTAR 2023 Evaluaci\u00f3n de la gesti\u00f3n institucional INFORME NARRATIVO RCJIMA Llenado formulario del CPCCS FORMULARIO GAD-JIMA (1) Aprobaci\u00f3n del informe por el GAD INFORME NARRATIVO RCJIMA Entrega previa [&hellip;]\" \/>\n<meta property=\"og:url\" content=\"https:\/\/gobiernojima.gob.ec\/azuay\/rendicion-de-cuentas-2023\/\" \/>\n<meta property=\"og:site_name\" content=\"GAD parroquial Jima\" \/>\n<meta property=\"article:publisher\" content=\"https:\/\/www.facebook.com\/profile.php?id=100092480238734\" \/>\n<meta property=\"article:modified_time\" content=\"2024-06-29T14:11:13+00:00\" \/>\n<meta property=\"og:image\" content=\"https:\/\/gobiernojima.gob.ec\/azuay\/wp-content\/uploads\/2024\/06\/429966993_122118094706211337_4432417427847767589_n.jpg\" \/>\n<meta name=\"twitter:card\" content=\"summary_large_image\" \/>\n<meta name=\"twitter:label1\" content=\"Tiempo de lectura\" \/>\n\t<meta name=\"twitter:data1\" content=\"3 minutos\" \/>\n<script type=\"application\/ld+json\" class=\"yoast-schema-graph\">{\"@context\":\"https:\/\/schema.org\",\"@graph\":[{\"@type\":\"WebPage\",\"@id\":\"https:\/\/gobiernojima.gob.ec\/azuay\/rendicion-de-cuentas-2023\/\",\"url\":\"https:\/\/gobiernojima.gob.ec\/azuay\/rendicion-de-cuentas-2023\/\",\"name\":\"Rendici\u00f3n de Cuentas 2023 - GAD parroquial Jima\",\"isPartOf\":{\"@id\":\"https:\/\/gobiernojima.gob.ec\/azuay\/#website\"},\"primaryImageOfPage\":{\"@id\":\"https:\/\/gobiernojima.gob.ec\/azuay\/rendicion-de-cuentas-2023\/#primaryimage\"},\"image\":{\"@id\":\"https:\/\/gobiernojima.gob.ec\/azuay\/rendicion-de-cuentas-2023\/#primaryimage\"},\"thumbnailUrl\":\"https:\/\/gobiernojima.gob.ec\/azuay\/wp-content\/uploads\/2024\/06\/429966993_122118094706211337_4432417427847767589_n.jpg\",\"datePublished\":\"2022-12-31T14:13:25+00:00\",\"dateModified\":\"2024-06-29T14:11:13+00:00\",\"breadcrumb\":{\"@id\":\"https:\/\/gobiernojima.gob.ec\/azuay\/rendicion-de-cuentas-2023\/#breadcrumb\"},\"inLanguage\":\"es\",\"potentialAction\":[{\"@type\":\"ReadAction\",\"target\":[\"https:\/\/gobiernojima.gob.ec\/azuay\/rendicion-de-cuentas-2023\/\"]}]},{\"@type\":\"ImageObject\",\"inLanguage\":\"es\",\"@id\":\"https:\/\/gobiernojima.gob.ec\/azuay\/rendicion-de-cuentas-2023\/#primaryimage\",\"url\":\"https:\/\/gobiernojima.gob.ec\/azuay\/wp-content\/uploads\/2024\/06\/429966993_122118094706211337_4432417427847767589_n.jpg\",\"contentUrl\":\"https:\/\/gobiernojima.gob.ec\/azuay\/wp-content\/uploads\/2024\/06\/429966993_122118094706211337_4432417427847767589_n.jpg\"},{\"@type\":\"BreadcrumbList\",\"@id\":\"https:\/\/gobiernojima.gob.ec\/azuay\/rendicion-de-cuentas-2023\/#breadcrumb\",\"itemListElement\":[{\"@type\":\"ListItem\",\"position\":1,\"name\":\"Portada\",\"item\":\"https:\/\/gobiernojima.gob.ec\/azuay\/\"},{\"@type\":\"ListItem\",\"position\":2,\"name\":\"Rendici\u00f3n de Cuentas 2023\"}]},{\"@type\":\"WebSite\",\"@id\":\"https:\/\/gobiernojima.gob.ec\/azuay\/#website\",\"url\":\"https:\/\/gobiernojima.gob.ec\/azuay\/\",\"name\":\"GAD parroquial Jima\",\"description\":\"Sitio Oficial del GAD Parroquial Jima Azuay\",\"publisher\":{\"@id\":\"https:\/\/gobiernojima.gob.ec\/azuay\/#organization\"},\"potentialAction\":[{\"@type\":\"SearchAction\",\"target\":{\"@type\":\"EntryPoint\",\"urlTemplate\":\"https:\/\/gobiernojima.gob.ec\/azuay\/?s={search_term_string}\"},\"query-input\":{\"@type\":\"PropertyValueSpecification\",\"valueRequired\":true,\"valueName\":\"search_term_string\"}}],\"inLanguage\":\"es\"},{\"@type\":\"Organization\",\"@id\":\"https:\/\/gobiernojima.gob.ec\/azuay\/#organization\",\"name\":\"GAD Jima Azuay\",\"url\":\"https:\/\/gobiernojima.gob.ec\/azuay\/\",\"logo\":{\"@type\":\"ImageObject\",\"inLanguage\":\"es\",\"@id\":\"https:\/\/gobiernojima.gob.ec\/azuay\/#\/schema\/logo\/image\/\",\"url\":\"https:\/\/gobiernojima.gob.ec\/azuay\/wp-content\/uploads\/2023\/11\/gobierno-Jima.jpg\",\"contentUrl\":\"https:\/\/gobiernojima.gob.ec\/azuay\/wp-content\/uploads\/2023\/11\/gobierno-Jima.jpg\",\"width\":1984,\"height\":2048,\"caption\":\"GAD Jima Azuay\"},\"image\":{\"@id\":\"https:\/\/gobiernojima.gob.ec\/azuay\/#\/schema\/logo\/image\/\"},\"sameAs\":[\"https:\/\/www.facebook.com\/profile.php?id=100092480238734\",\"https:\/\/www.instagram.com\/gadpjima\/\",\"https:\/\/www.tiktok.com\/@gadpjima?lang=es\"]}]}<\/script>\n<!-- \/ Yoast SEO plugin. -->","yoast_head_json":{"title":"Rendici\u00f3n de Cuentas 2023 - GAD parroquial Jima","robots":{"index":"index","follow":"follow","max-snippet":"max-snippet:-1","max-image-preview":"max-image-preview:large","max-video-preview":"max-video-preview:-1"},"canonical":"https:\/\/gobiernojima.gob.ec\/azuay\/rendicion-de-cuentas-2023\/","og_locale":"es_ES","og_type":"article","og_title":"Rendici\u00f3n de Cuentas 2023 - GAD parroquial Jima","og_description":"Organizaci\u00f3n del proceso ORDEN DEL DIA RENDICION DE CUENTAR 2023 \u2060Consulta Ciudadana https:\/\/www.facebook.com\/photo.php?fbid=122118094712211337&amp;set=pb.61556340114128.-2207520000&amp;type=3 Entrega de temas para que el GAD rinda cuentas ORDEN DEL DIA RENDICION DE CUENTAR 2023 Evaluaci\u00f3n de la gesti\u00f3n institucional INFORME NARRATIVO RCJIMA Llenado formulario del CPCCS FORMULARIO GAD-JIMA (1) Aprobaci\u00f3n del informe por el GAD INFORME NARRATIVO RCJIMA Entrega previa [&hellip;]","og_url":"https:\/\/gobiernojima.gob.ec\/azuay\/rendicion-de-cuentas-2023\/","og_site_name":"GAD parroquial Jima","article_publisher":"https:\/\/www.facebook.com\/profile.php?id=100092480238734","article_modified_time":"2024-06-29T14:11:13+00:00","og_image":[{"url":"https:\/\/gobiernojima.gob.ec\/azuay\/wp-content\/uploads\/2024\/06\/429966993_122118094706211337_4432417427847767589_n.jpg","type":"","width":"","height":""}],"twitter_card":"summary_large_image","twitter_misc":{"Tiempo de lectura":"3 minutos"},"schema":{"@context":"https:\/\/schema.org","@graph":[{"@type":"WebPage","@id":"https:\/\/gobiernojima.gob.ec\/azuay\/rendicion-de-cuentas-2023\/","url":"https:\/\/gobiernojima.gob.ec\/azuay\/rendicion-de-cuentas-2023\/","name":"Rendici\u00f3n de Cuentas 2023 - GAD parroquial Jima","isPartOf":{"@id":"https:\/\/gobiernojima.gob.ec\/azuay\/#website"},"primaryImageOfPage":{"@id":"https:\/\/gobiernojima.gob.ec\/azuay\/rendicion-de-cuentas-2023\/#primaryimage"},"image":{"@id":"https:\/\/gobiernojima.gob.ec\/azuay\/rendicion-de-cuentas-2023\/#primaryimage"},"thumbnailUrl":"https:\/\/gobiernojima.gob.ec\/azuay\/wp-content\/uploads\/2024\/06\/429966993_122118094706211337_4432417427847767589_n.jpg","datePublished":"2022-12-31T14:13:25+00:00","dateModified":"2024-06-29T14:11:13+00:00","breadcrumb":{"@id":"https:\/\/gobiernojima.gob.ec\/azuay\/rendicion-de-cuentas-2023\/#breadcrumb"},"inLanguage":"es","potentialAction":[{"@type":"ReadAction","target":["https:\/\/gobiernojima.gob.ec\/azuay\/rendicion-de-cuentas-2023\/"]}]},{"@type":"ImageObject","inLanguage":"es","@id":"https:\/\/gobiernojima.gob.ec\/azuay\/rendicion-de-cuentas-2023\/#primaryimage","url":"https:\/\/gobiernojima.gob.ec\/azuay\/wp-content\/uploads\/2024\/06\/429966993_122118094706211337_4432417427847767589_n.jpg","contentUrl":"https:\/\/gobiernojima.gob.ec\/azuay\/wp-content\/uploads\/2024\/06\/429966993_122118094706211337_4432417427847767589_n.jpg"},{"@type":"BreadcrumbList","@id":"https:\/\/gobiernojima.gob.ec\/azuay\/rendicion-de-cuentas-2023\/#breadcrumb","itemListElement":[{"@type":"ListItem","position":1,"name":"Portada","item":"https:\/\/gobiernojima.gob.ec\/azuay\/"},{"@type":"ListItem","position":2,"name":"Rendici\u00f3n de Cuentas 2023"}]},{"@type":"WebSite","@id":"https:\/\/gobiernojima.gob.ec\/azuay\/#website","url":"https:\/\/gobiernojima.gob.ec\/azuay\/","name":"GAD parroquial Jima","description":"Sitio Oficial del GAD Parroquial Jima Azuay","publisher":{"@id":"https:\/\/gobiernojima.gob.ec\/azuay\/#organization"},"potentialAction":[{"@type":"SearchAction","target":{"@type":"EntryPoint","urlTemplate":"https:\/\/gobiernojima.gob.ec\/azuay\/?s={search_term_string}"},"query-input":{"@type":"PropertyValueSpecification","valueRequired":true,"valueName":"search_term_string"}}],"inLanguage":"es"},{"@type":"Organization","@id":"https:\/\/gobiernojima.gob.ec\/azuay\/#organization","name":"GAD Jima Azuay","url":"https:\/\/gobiernojima.gob.ec\/azuay\/","logo":{"@type":"ImageObject","inLanguage":"es","@id":"https:\/\/gobiernojima.gob.ec\/azuay\/#\/schema\/logo\/image\/","url":"https:\/\/gobiernojima.gob.ec\/azuay\/wp-content\/uploads\/2023\/11\/gobierno-Jima.jpg","contentUrl":"https:\/\/gobiernojima.gob.ec\/azuay\/wp-content\/uploads\/2023\/11\/gobierno-Jima.jpg","width":1984,"height":2048,"caption":"GAD Jima Azuay"},"image":{"@id":"https:\/\/gobiernojima.gob.ec\/azuay\/#\/schema\/logo\/image\/"},"sameAs":["https:\/\/www.facebook.com\/profile.php?id=100092480238734","https:\/\/www.instagram.com\/gadpjima\/","https:\/\/www.tiktok.com\/@gadpjima?lang=es"]}]}},"_links":{"self":[{"href":"https:\/\/gobiernojima.gob.ec\/azuay\/wp-json\/wp\/v2\/pages\/3975","targetHints":{"allow":["GET"]}}],"collection":[{"href":"https:\/\/gobiernojima.gob.ec\/azuay\/wp-json\/wp\/v2\/pages"}],"about":[{"href":"https:\/\/gobiernojima.gob.ec\/azuay\/wp-json\/wp\/v2\/types\/page"}],"author":[{"embeddable":true,"href":"https:\/\/gobiernojima.gob.ec\/azuay\/wp-json\/wp\/v2\/users\/6"}],"replies":[{"embeddable":true,"href":"https:\/\/gobiernojima.gob.ec\/azuay\/wp-json\/wp\/v2\/comments?post=3975"}],"version-history":[{"count":27,"href":"https:\/\/gobiernojima.gob.ec\/azuay\/wp-json\/wp\/v2\/pages\/3975\/revisions"}],"predecessor-version":[{"id":4785,"href":"https:\/\/gobiernojima.gob.ec\/azuay\/wp-json\/wp\/v2\/pages\/3975\/revisions\/4785"}],"wp:attachment":[{"href":"https:\/\/gobiernojima.gob.ec\/azuay\/wp-json\/wp\/v2\/media?parent=3975"}],"curies":[{"name":"wp","href":"https:\/\/api.w.org\/{rel}","templated":true}]}}