{"id":2521,"date":"2017-12-20T12:13:45","date_gmt":"2017-12-20T16:13:45","guid":{"rendered":"http:\/\/gobiernojima.gob.ec\/azuay\/?page_id=2521"},"modified":"2019-05-08T15:41:11","modified_gmt":"2019-05-08T19:41:11","slug":"rendicion-de-cuentas-2018","status":"publish","type":"page","link":"https:\/\/gobiernojima.gob.ec\/azuay\/rendicion-de-cuentas-2018\/","title":{"rendered":"Rendici\u00f3n de Cuentas 2018"},"content":{"rendered":"<p><a href=\"http:\/\/gobiernojima.gob.ec\/azuay\/wp-content\/uploads\/2019\/05\/ANGEL-NUGRA.pdf\">ANGEL NUGRA<\/a>CONFORMACI\u00d3N DE EQUIPO T\u00c9CNICO MIXTO PARA EL PROCESO DE RENDICI\u00d3N DE CUENTAS A\u00d1O 2018<\/p>\n<p><a href=\"http:\/\/gobiernojima.gob.ec\/azuay\/wp-content\/uploads\/2019\/04\/img012.pdf\">img012<\/a><\/p>\n<p>&nbsp;<\/p>\n<p>ACTA DE CONFORMACION DEL EQUIPO TECNICO<\/p>\n<p><a href=\"http:\/\/gobiernojima.gob.ec\/azuay\/wp-content\/uploads\/2019\/04\/ACTA-DE-CONFORMACI\u00d3N-DEL-EQUIPO-T\u00c9CNICO-MIXTO-PARA-LA-RENDICI\u00d3N-DE-CUENTAS-DEL-A\u00d1O-FISCAL-2018.pdf\">ACTA DE CONFORMACI\u00d3N DEL EQUIPO T\u00c9CNICO MIXTO PARA LA RENDICI\u00d3N DE CUENTAS DEL A\u00d1O FISCAL 2018<\/a><\/p>\n<p>&nbsp;<\/p>\n<p>ACTAS DE ASAMBLEA PARROQUIAL<\/p>\n<p><a href=\"http:\/\/gobiernojima.gob.ec\/azuay\/wp-content\/uploads\/2019\/04\/Actas-de-Asamblea-Parroquial-1.pdf\">Actas de Asamblea Parroquial<\/a><\/p>\n<p>&nbsp;<\/p>\n<p>PRESUPUESTO 2018<\/p>\n<p><a href=\"http:\/\/gobiernojima.gob.ec\/azuay\/wp-content\/uploads\/2019\/04\/PRESUPUESTO-2018.pdf\">PRESUPUESTO 2018<\/a><\/p>\n<p>&nbsp;<\/p>\n<p>LIQUIDACI\u00d3N<\/p>\n<p><a href=\"http:\/\/gobiernojima.gob.ec\/azuay\/wp-content\/uploads\/2019\/04\/LIQUIDACION-SR.-LUIS-PANDIGUANA.pdf\">LIQUIDACION SR. LUIS PANDIGUANA<\/a><\/p>\n<p>&nbsp;<\/p>\n<p>SIGAD<\/p>\n<p><a href=\"http:\/\/gobiernojima.gob.ec\/azuay\/wp-content\/uploads\/2019\/04\/SIGAD.pdf\">SIGAD<\/a><\/p>\n<p>&nbsp;<\/p>\n<p>POA 2018<\/p>\n<p><a href=\"http:\/\/gobiernojima.gob.ec\/azuay\/wp-content\/uploads\/2019\/04\/POA-2018.pdf\">POA 2018<\/a><\/p>\n<p>&nbsp;<\/p>\n<p>INFIMAS CUANTIAS<\/p>\n<p><a href=\"http:\/\/gobiernojima.gob.ec\/azuay\/wp-content\/uploads\/2019\/04\/INFIMAS-CUANTIAS-2018.pdf\">INFIMAS CUANTIAS 2018<\/a><\/p>\n<p>&nbsp;<\/p>\n<p>PROYECTO GRUPO DE ATENCI\u00d3N PRIORITARIO<\/p>\n<p><a href=\"http:\/\/gobiernojima.gob.ec\/azuay\/wp-content\/uploads\/2019\/04\/PROYECTO-FORTALECIM-IENTO-AL-GRUPO-DE-ATENCION-PRIORITARIO-2018.pdf\">PROYECTO FORTALECIM IENTO AL GRUPO DE ATENCION PRIORITARIO 2018<\/a><\/p>\n<p><a href=\"http:\/\/gobiernojima.gob.ec\/azuay\/wp-content\/uploads\/2019\/04\/PROYECTO-DE-EMPRENDIMIENTO.pdf\">PROYECTO DE EMPRENDIMIENTO<\/a><\/p>\n<p>&nbsp;<\/p>\n<p>PROYECTO PARROQUIALIZACION<\/p>\n<p><a href=\"http:\/\/gobiernojima.gob.ec\/azuay\/wp-content\/uploads\/2019\/04\/PROYECTO-PARROQUIALIZACION-2018.pdf\">PROYECTO PARROQUIALIZACION 2018<\/a><\/p>\n<p>&nbsp;<\/p>\n<p>PROYECTO PATRIMONIO CULTURAL<\/p>\n<p><a href=\"http:\/\/gobiernojima.gob.ec\/azuay\/wp-content\/uploads\/2019\/04\/PROYECTO-PATRIMONIO-CULTURAL-2018.pdf\">PROYECTO PATRIMONIO CULTURAL 2018<\/a><\/p>\n<p>&nbsp;<\/p>\n<p>PROYECTO DE MANEJO DE RESIDUOS S\u00d3LIDOS ( VOLQUETA)<\/p>\n<p><a href=\"http:\/\/gobiernojima.gob.ec\/azuay\/wp-content\/uploads\/2019\/04\/PROYECTO-DE-MANEJO-DE-RESIDUOS-SOLIDOS.pdf\">PROYECTO DE MANEJO DE RESIDUOS SOLIDOS<\/a><\/p>\n<p>&nbsp;<\/p>\n<p>PROYECTO DE ACTIVIDADES PRODUCTIVAS<\/p>\n<p><a href=\"http:\/\/gobiernojima.gob.ec\/azuay\/wp-content\/uploads\/2019\/04\/PROYECTO-PARA-EL-FORTALECIMIENTO-DE-LA-PRODUCCION-AGROPECUARIA-2018.pdf\">PROYECTO PARA EL FORTALECIMIENTO DE LA PRODUCCION AGROPECUARIA 2018<\/a><\/p>\n<p><a href=\"http:\/\/gobiernojima.gob.ec\/azuay\/wp-content\/uploads\/2019\/04\/PROYECTO-CAMPA\u00d1A-DE-ESTERILIZACION-CANINA-Y-FELINA.pdf\">PROYECTO CAMPA\u00d1A DE ESTERILIZACION CANINA Y FELINA<\/a><\/p>\n<p>&nbsp;<\/p>\n<p>CATALOGO ELECTRONICO 2018<\/p>\n<p><a href=\"http:\/\/gobiernojima.gob.ec\/azuay\/wp-content\/uploads\/2019\/04\/CATALOGO-ELECTRONICO-2018.pdf\">CATALOGO ELECTRONICO 2018<\/a><\/p>\n<p>&nbsp;<\/p>\n<p>ENTREGA DE DOCUMENTOS A CONSEJO DE PLANIFICACI\u00d3N<\/p>\n<p><a href=\"http:\/\/gobiernojima.gob.ec\/azuay\/wp-content\/uploads\/2019\/04\/ENTREGA-DOCUMENTOS-A-CONSEJO-DE-PLANIFICACION.pdf\">ENTREGA DOCUMENTOS A CONSEJO DE PLANIFICACION<\/a><\/p>\n<p>&nbsp;<\/p>\n<p>INVITACI\u00d3N PREGUNTAS E INQUIETUDES 2018<\/p>\n<p><a href=\"http:\/\/gobiernojima.gob.ec\/azuay\/wp-content\/uploads\/2019\/04\/INVITACION-PREGUNTAS-E-INQUIETUDES.pdf\">INVITACION PREGUNTAS E INQUIETUDES<\/a><\/p>\n<p>&nbsp;<\/p>\n<p>PREGUNTA,ASISTENCIA Y ENTREGA DE OFICIOS 2018<\/p>\n<p><a href=\"http:\/\/gobiernojima.gob.ec\/azuay\/wp-content\/uploads\/2019\/04\/PREGUNTAS-ASISTENCIA-ENTREGA-DE-OFICIOS..pdf\">PREGUNTAS, ASISTENCIA, ENTREGA DE OFICIOS.<\/a><\/p>\n<p>&nbsp;<\/p>\n<p>SISTEMATIZACION DE PREGUNTAS E INQUIETUDES 2018<\/p>\n<p><a href=\"http:\/\/gobiernojima.gob.ec\/azuay\/wp-content\/uploads\/2019\/04\/SISTEMATIZACION-DE-PREGUNTAS-E-INQUIETUDES.pdf\">SISTEMATIZACION DE PREGUNTAS E INQUIETUDES<\/a><\/p>\n<p>&nbsp;<\/p>\n<p>EXAMEN ESPECIAL DE CONTROLAR\u00cdA<\/p>\n<p><a href=\"http:\/\/gobiernojima.gob.ec\/azuay\/wp-content\/uploads\/2019\/04\/EXAMEN-ESPECIAL-DE-CONTRALORIA.pdf\">EXAMEN ESPECIAL DE CONTRALORIA<\/a><\/p>\n<p>&nbsp;<\/p>\n<p>ACTA DE APROBACI\u00d3N DE PRESUPUESTO<\/p>\n<p><a href=\"http:\/\/gobiernojima.gob.ec\/azuay\/wp-content\/uploads\/2019\/04\/APROBACION-DE-PRESUPUESTO.pdf\">APROBACION DE PRESUPUESTO<\/a><\/p>\n<p>&nbsp;<\/p>\n<p>ENTREGA DE OFICIOS DE RENDICI\u00d3N DE CUENTAS<\/p>\n<p><a href=\"http:\/\/gobiernojima.gob.ec\/azuay\/wp-content\/uploads\/2019\/04\/ENTREGA-DE-OFICIOS-PARA-RENDICION-DE-CUENTAS.pdf\">ENTREGA DE OFICIOS PARA RENDICION DE CUENTAS<\/a><\/p>\n<p>&nbsp;<\/p>\n<p>DELEGACI\u00d3N<\/p>\n<p><a href=\"http:\/\/gobiernojima.gob.ec\/azuay\/wp-content\/uploads\/2019\/04\/DELEGACION.pdf\">DELEGACION<\/a><\/p>\n<p>&nbsp;<\/p>\n<p>RESOLUCI\u00d3N DE APROBACI\u00d3N DEL PROCESO DE RENDICI\u00d3N DE CUENTAS<\/p>\n<p><a href=\"http:\/\/gobiernojima.gob.ec\/azuay\/wp-content\/uploads\/2019\/04\/RESOLUCION-DE-APROBACION-DEL-PROCESO-DE-RENDICION-DE-CUENTAS.pdf\">RESOLUCION DE APROBACION DEL PROCESO DE RENDICION DE CUENTAS<\/a><\/p>\n<p>&nbsp;<\/p>\n<p>PLAN DE TRABAJO<\/p>\n<p><a href=\"http:\/\/gobiernojima.gob.ec\/azuay\/wp-content\/uploads\/2019\/05\/PLAN-DE-TRABAJO.pdf\">PLAN DE TRABAJO<\/a><\/p>\n<p>&nbsp;<\/p>\n<p>ACTA DE COMPROMISOS<\/p>\n<p><a href=\"http:\/\/gobiernojima.gob.ec\/azuay\/wp-content\/uploads\/2019\/05\/ACTA-DE-COMPROMISOS.pdf\">ACTA DE COMPROMISOS<\/a><\/p>\n<p>&nbsp;<\/p>\n<p>EVALUACI\u00d3N DEL INFORME DE RENDICI\u00d3N DE CUENTAS<\/p>\n<p><a href=\"http:\/\/gobiernojima.gob.ec\/azuay\/wp-content\/uploads\/2019\/05\/EVALUACION-DEL-INFORME-DE-RENDICION-DE-CUENTAS.pdf\">EVALUACION DEL INFORME DE RENDICION DE CUENTAS<\/a><a href=\"http:\/\/gobiernojima.gob.ec\/azuay\/wp-content\/uploads\/2019\/05\/FORMULARIO-PRESENTACION-2018.pdf\">FORMULARIO PRESENTACION 2018<\/a><\/p>\n<p>&nbsp;<\/p>\n<p>RENDICI\u00d3N DE CUENTAS 2018<\/p>\n<p><a href=\"http:\/\/gobiernojima.gob.ec\/azuay\/wp-content\/uploads\/2019\/05\/RENDICION-DE-CUENTAS-2018-DIAPOSITIVAS.pdf\">RENDICION DE CUENTAS 2018 DIAPOSITIVAS<\/a><\/p>\n<p>&nbsp;<\/p>\n<p>ACTA PARROQUIAL RENDICI\u00d3N DE CUENTAS<\/p>\n<p><a href=\"http:\/\/gobiernojima.gob.ec\/azuay\/wp-content\/uploads\/2019\/05\/ACTA-PARROQUIAL-RENDICION-DE-CUENTAS.pdf\">ACTA PARROQUIAL RENDICION DE CUENTAS<\/a><\/p>\n<p>&nbsp;<\/p>\n<p>FOTOS RENDICI\u00d3N DE CUENTAS<\/p>\n<p><a href=\"http:\/\/gobiernojima.gob.ec\/azuay\/wp-content\/uploads\/2019\/05\/FOTOS-RENDICION-DE-CUENTAS.pdf\">FOTOS RENDICION DE CUENTAS<\/a><\/p>\n<p>&nbsp;<\/p>\n<p>REGISTRO DE ASISTENCIA RENDICION DE CUENTAS<\/p>\n<p><a href=\"http:\/\/gobiernojima.gob.ec\/azuay\/wp-content\/uploads\/2019\/05\/REGISTRO-DE-ASISTENCIA-RENDICION-DE-CUENTAS.pdf\">REGISTRO DE ASISTENCIA RENDICION DE CUENTAS<\/a><\/p>\n<p>&nbsp;<\/p>\n<p>PLAN DE ACCI\u00d3N MINA DE GANGLIA<\/p>\n<p><a href=\"http:\/\/gobiernojima.gob.ec\/azuay\/wp-content\/uploads\/2019\/05\/PLAN-DE-ACCION-MINA-DE-GANGLIA.pdf\">PLAN DE ACCION MINA DE GANGLIA<\/a><\/p>\n<p>&nbsp;<\/p>\n<p>CERTIFICADO DE NO ADEUDAR AL SRI VOCALES<\/p>\n<p><a href=\"http:\/\/gobiernojima.gob.ec\/azuay\/wp-content\/uploads\/2019\/05\/VICTOR-MARIN.pdf\">VICTOR MARIN<\/a><\/p>\n<p><a href=\"http:\/\/gobiernojima.gob.ec\/azuay\/wp-content\/uploads\/2019\/05\/ANGEL-UYAGUARI.pdf\">ANGEL UYAGUARI<\/a><\/p>\n<p><a href=\"http:\/\/gobiernojima.gob.ec\/azuay\/wp-content\/uploads\/2019\/05\/Certificado_NoInscripcion_Diana-Chimbo.pdf\">Certificado_NoInscripcion _Diana Chimbo<\/a><\/p>\n<p><a href=\"http:\/\/gobiernojima.gob.ec\/azuay\/wp-content\/uploads\/2019\/05\/DIANA-CHIMBO.pdf\">DIANA CHIMBO<\/a><\/p>\n<p><a href=\"http:\/\/gobiernojima.gob.ec\/azuay\/wp-content\/uploads\/2019\/05\/JORGE-ZHUNIO.pdf\">JORGE ZHUNIO<\/a><\/p>\n<p><a href=\"http:\/\/gobiernojima.gob.ec\/azuay\/wp-content\/uploads\/2019\/05\/ALEJANDRO-ZHUNIO.pdf\">ALEJANDRO ZHUNIO<\/a><\/p>\n<p><a href=\"http:\/\/gobiernojima.gob.ec\/azuay\/wp-content\/uploads\/2019\/05\/ANGEL-NUGRA.pdf\">ANGEL NUGRA<\/a><\/p>\n","protected":false},"excerpt":{"rendered":"<p>ANGEL NUGRACONFORMACI\u00d3N DE EQUIPO T\u00c9CNICO MIXTO PARA EL PROCESO DE RENDICI\u00d3N DE CUENTAS A\u00d1O 2018 img012 &nbsp; ACTA DE CONFORMACION DEL EQUIPO TECNICO ACTA DE CONFORMACI\u00d3N DEL EQUIPO T\u00c9CNICO MIXTO PARA LA RENDICI\u00d3N DE CUENTAS DEL A\u00d1O FISCAL 2018 &nbsp; ACTAS DE ASAMBLEA PARROQUIAL Actas de Asamblea Parroquial &nbsp; PRESUPUESTO 2018 PRESUPUESTO 2018 &nbsp; LIQUIDACI\u00d3N [&hellip;]<\/p>\n","protected":false},"author":6,"featured_media":0,"parent":0,"menu_order":0,"comment_status":"closed","ping_status":"closed","template":"","meta":{"footnotes":""},"class_list":["post-2521","page","type-page","status-publish","hentry"],"yoast_head":"<!-- This site is optimized with the Yoast SEO plugin v26.9 - https:\/\/yoast.com\/product\/yoast-seo-wordpress\/ -->\n<title>Rendici\u00f3n de Cuentas 2018 - GAD parroquial Jima<\/title>\n<meta name=\"robots\" content=\"index, follow, max-snippet:-1, max-image-preview:large, max-video-preview:-1\" \/>\n<link rel=\"canonical\" href=\"https:\/\/gobiernojima.gob.ec\/azuay\/rendicion-de-cuentas-2018\/\" \/>\n<meta property=\"og:locale\" content=\"es_ES\" \/>\n<meta property=\"og:type\" content=\"article\" \/>\n<meta property=\"og:title\" content=\"Rendici\u00f3n de Cuentas 2018 - GAD parroquial Jima\" \/>\n<meta property=\"og:description\" content=\"ANGEL NUGRACONFORMACI\u00d3N DE EQUIPO T\u00c9CNICO MIXTO PARA EL PROCESO DE RENDICI\u00d3N DE CUENTAS A\u00d1O 2018 img012 &nbsp; ACTA DE CONFORMACION DEL EQUIPO TECNICO ACTA DE CONFORMACI\u00d3N DEL EQUIPO T\u00c9CNICO MIXTO PARA LA RENDICI\u00d3N DE CUENTAS DEL A\u00d1O FISCAL 2018 &nbsp; ACTAS DE ASAMBLEA PARROQUIAL Actas de Asamblea Parroquial &nbsp; PRESUPUESTO 2018 PRESUPUESTO 2018 &nbsp; LIQUIDACI\u00d3N [&hellip;]\" \/>\n<meta property=\"og:url\" content=\"https:\/\/gobiernojima.gob.ec\/azuay\/rendicion-de-cuentas-2018\/\" \/>\n<meta property=\"og:site_name\" content=\"GAD parroquial Jima\" \/>\n<meta property=\"article:publisher\" content=\"https:\/\/www.facebook.com\/profile.php?id=100092480238734\" \/>\n<meta property=\"article:modified_time\" content=\"2019-05-08T19:41:11+00:00\" \/>\n<meta name=\"twitter:card\" content=\"summary_large_image\" \/>\n<meta name=\"twitter:label1\" content=\"Tiempo de lectura\" \/>\n\t<meta name=\"twitter:data1\" content=\"2 minutos\" \/>\n<script type=\"application\/ld+json\" class=\"yoast-schema-graph\">{\"@context\":\"https:\/\/schema.org\",\"@graph\":[{\"@type\":\"WebPage\",\"@id\":\"https:\/\/gobiernojima.gob.ec\/azuay\/rendicion-de-cuentas-2018\/\",\"url\":\"https:\/\/gobiernojima.gob.ec\/azuay\/rendicion-de-cuentas-2018\/\",\"name\":\"Rendici\u00f3n de Cuentas 2018 - GAD parroquial Jima\",\"isPartOf\":{\"@id\":\"https:\/\/gobiernojima.gob.ec\/azuay\/#website\"},\"datePublished\":\"2017-12-20T16:13:45+00:00\",\"dateModified\":\"2019-05-08T19:41:11+00:00\",\"breadcrumb\":{\"@id\":\"https:\/\/gobiernojima.gob.ec\/azuay\/rendicion-de-cuentas-2018\/#breadcrumb\"},\"inLanguage\":\"es\",\"potentialAction\":[{\"@type\":\"ReadAction\",\"target\":[\"https:\/\/gobiernojima.gob.ec\/azuay\/rendicion-de-cuentas-2018\/\"]}]},{\"@type\":\"BreadcrumbList\",\"@id\":\"https:\/\/gobiernojima.gob.ec\/azuay\/rendicion-de-cuentas-2018\/#breadcrumb\",\"itemListElement\":[{\"@type\":\"ListItem\",\"position\":1,\"name\":\"Portada\",\"item\":\"https:\/\/gobiernojima.gob.ec\/azuay\/\"},{\"@type\":\"ListItem\",\"position\":2,\"name\":\"Rendici\u00f3n de Cuentas 2018\"}]},{\"@type\":\"WebSite\",\"@id\":\"https:\/\/gobiernojima.gob.ec\/azuay\/#website\",\"url\":\"https:\/\/gobiernojima.gob.ec\/azuay\/\",\"name\":\"GAD parroquial Jima\",\"description\":\"Sitio Oficial del GAD Parroquial Jima Azuay\",\"publisher\":{\"@id\":\"https:\/\/gobiernojima.gob.ec\/azuay\/#organization\"},\"potentialAction\":[{\"@type\":\"SearchAction\",\"target\":{\"@type\":\"EntryPoint\",\"urlTemplate\":\"https:\/\/gobiernojima.gob.ec\/azuay\/?s={search_term_string}\"},\"query-input\":{\"@type\":\"PropertyValueSpecification\",\"valueRequired\":true,\"valueName\":\"search_term_string\"}}],\"inLanguage\":\"es\"},{\"@type\":\"Organization\",\"@id\":\"https:\/\/gobiernojima.gob.ec\/azuay\/#organization\",\"name\":\"GAD Jima Azuay\",\"url\":\"https:\/\/gobiernojima.gob.ec\/azuay\/\",\"logo\":{\"@type\":\"ImageObject\",\"inLanguage\":\"es\",\"@id\":\"https:\/\/gobiernojima.gob.ec\/azuay\/#\/schema\/logo\/image\/\",\"url\":\"https:\/\/gobiernojima.gob.ec\/azuay\/wp-content\/uploads\/2023\/11\/gobierno-Jima.jpg\",\"contentUrl\":\"https:\/\/gobiernojima.gob.ec\/azuay\/wp-content\/uploads\/2023\/11\/gobierno-Jima.jpg\",\"width\":1984,\"height\":2048,\"caption\":\"GAD Jima Azuay\"},\"image\":{\"@id\":\"https:\/\/gobiernojima.gob.ec\/azuay\/#\/schema\/logo\/image\/\"},\"sameAs\":[\"https:\/\/www.facebook.com\/profile.php?id=100092480238734\",\"https:\/\/www.instagram.com\/gadpjima\/\",\"https:\/\/www.tiktok.com\/@gadpjima?lang=es\"]}]}<\/script>\n<!-- \/ Yoast SEO plugin. -->","yoast_head_json":{"title":"Rendici\u00f3n de Cuentas 2018 - GAD parroquial Jima","robots":{"index":"index","follow":"follow","max-snippet":"max-snippet:-1","max-image-preview":"max-image-preview:large","max-video-preview":"max-video-preview:-1"},"canonical":"https:\/\/gobiernojima.gob.ec\/azuay\/rendicion-de-cuentas-2018\/","og_locale":"es_ES","og_type":"article","og_title":"Rendici\u00f3n de Cuentas 2018 - GAD parroquial Jima","og_description":"ANGEL NUGRACONFORMACI\u00d3N DE EQUIPO T\u00c9CNICO MIXTO PARA EL PROCESO DE RENDICI\u00d3N DE CUENTAS A\u00d1O 2018 img012 &nbsp; ACTA DE CONFORMACION DEL EQUIPO TECNICO ACTA DE CONFORMACI\u00d3N DEL EQUIPO T\u00c9CNICO MIXTO PARA LA RENDICI\u00d3N DE CUENTAS DEL A\u00d1O FISCAL 2018 &nbsp; ACTAS DE ASAMBLEA PARROQUIAL Actas de Asamblea Parroquial &nbsp; PRESUPUESTO 2018 PRESUPUESTO 2018 &nbsp; LIQUIDACI\u00d3N [&hellip;]","og_url":"https:\/\/gobiernojima.gob.ec\/azuay\/rendicion-de-cuentas-2018\/","og_site_name":"GAD parroquial Jima","article_publisher":"https:\/\/www.facebook.com\/profile.php?id=100092480238734","article_modified_time":"2019-05-08T19:41:11+00:00","twitter_card":"summary_large_image","twitter_misc":{"Tiempo de lectura":"2 minutos"},"schema":{"@context":"https:\/\/schema.org","@graph":[{"@type":"WebPage","@id":"https:\/\/gobiernojima.gob.ec\/azuay\/rendicion-de-cuentas-2018\/","url":"https:\/\/gobiernojima.gob.ec\/azuay\/rendicion-de-cuentas-2018\/","name":"Rendici\u00f3n de Cuentas 2018 - GAD parroquial Jima","isPartOf":{"@id":"https:\/\/gobiernojima.gob.ec\/azuay\/#website"},"datePublished":"2017-12-20T16:13:45+00:00","dateModified":"2019-05-08T19:41:11+00:00","breadcrumb":{"@id":"https:\/\/gobiernojima.gob.ec\/azuay\/rendicion-de-cuentas-2018\/#breadcrumb"},"inLanguage":"es","potentialAction":[{"@type":"ReadAction","target":["https:\/\/gobiernojima.gob.ec\/azuay\/rendicion-de-cuentas-2018\/"]}]},{"@type":"BreadcrumbList","@id":"https:\/\/gobiernojima.gob.ec\/azuay\/rendicion-de-cuentas-2018\/#breadcrumb","itemListElement":[{"@type":"ListItem","position":1,"name":"Portada","item":"https:\/\/gobiernojima.gob.ec\/azuay\/"},{"@type":"ListItem","position":2,"name":"Rendici\u00f3n de Cuentas 2018"}]},{"@type":"WebSite","@id":"https:\/\/gobiernojima.gob.ec\/azuay\/#website","url":"https:\/\/gobiernojima.gob.ec\/azuay\/","name":"GAD parroquial Jima","description":"Sitio Oficial del GAD Parroquial Jima Azuay","publisher":{"@id":"https:\/\/gobiernojima.gob.ec\/azuay\/#organization"},"potentialAction":[{"@type":"SearchAction","target":{"@type":"EntryPoint","urlTemplate":"https:\/\/gobiernojima.gob.ec\/azuay\/?s={search_term_string}"},"query-input":{"@type":"PropertyValueSpecification","valueRequired":true,"valueName":"search_term_string"}}],"inLanguage":"es"},{"@type":"Organization","@id":"https:\/\/gobiernojima.gob.ec\/azuay\/#organization","name":"GAD Jima Azuay","url":"https:\/\/gobiernojima.gob.ec\/azuay\/","logo":{"@type":"ImageObject","inLanguage":"es","@id":"https:\/\/gobiernojima.gob.ec\/azuay\/#\/schema\/logo\/image\/","url":"https:\/\/gobiernojima.gob.ec\/azuay\/wp-content\/uploads\/2023\/11\/gobierno-Jima.jpg","contentUrl":"https:\/\/gobiernojima.gob.ec\/azuay\/wp-content\/uploads\/2023\/11\/gobierno-Jima.jpg","width":1984,"height":2048,"caption":"GAD Jima Azuay"},"image":{"@id":"https:\/\/gobiernojima.gob.ec\/azuay\/#\/schema\/logo\/image\/"},"sameAs":["https:\/\/www.facebook.com\/profile.php?id=100092480238734","https:\/\/www.instagram.com\/gadpjima\/","https:\/\/www.tiktok.com\/@gadpjima?lang=es"]}]}},"_links":{"self":[{"href":"https:\/\/gobiernojima.gob.ec\/azuay\/wp-json\/wp\/v2\/pages\/2521","targetHints":{"allow":["GET"]}}],"collection":[{"href":"https:\/\/gobiernojima.gob.ec\/azuay\/wp-json\/wp\/v2\/pages"}],"about":[{"href":"https:\/\/gobiernojima.gob.ec\/azuay\/wp-json\/wp\/v2\/types\/page"}],"author":[{"embeddable":true,"href":"https:\/\/gobiernojima.gob.ec\/azuay\/wp-json\/wp\/v2\/users\/6"}],"replies":[{"embeddable":true,"href":"https:\/\/gobiernojima.gob.ec\/azuay\/wp-json\/wp\/v2\/comments?post=2521"}],"version-history":[{"count":21,"href":"https:\/\/gobiernojima.gob.ec\/azuay\/wp-json\/wp\/v2\/pages\/2521\/revisions"}],"predecessor-version":[{"id":3187,"href":"https:\/\/gobiernojima.gob.ec\/azuay\/wp-json\/wp\/v2\/pages\/2521\/revisions\/3187"}],"wp:attachment":[{"href":"https:\/\/gobiernojima.gob.ec\/azuay\/wp-json\/wp\/v2\/media?parent=2521"}],"curies":[{"name":"wp","href":"https:\/\/api.w.org\/{rel}","templated":true}]}}