{"id":1019,"date":"2016-04-13T13:43:36","date_gmt":"2016-04-13T17:43:36","guid":{"rendered":"http:\/\/gobiernojima.gob.ec\/azuay\/?page_id=1019"},"modified":"2016-04-13T13:51:23","modified_gmt":"2016-04-13T17:51:23","slug":"ano-2015","status":"publish","type":"page","link":"https:\/\/gobiernojima.gob.ec\/azuay\/ano-2015\/","title":{"rendered":"A\u00f1o 2015"},"content":{"rendered":"<p><a href=\"http:\/\/gobiernojima.gob.ec\/azuay\/wp-content\/uploads\/2015\/10\/Acta-conformacion-de-consejo-de-participacion-del-GAD-P-JIMA.pdf.pdf\" rel=\"\">Acta conformacion de consejo de participacion del GAD P JIMA.pdf<\/a><\/p>\n<p><a href=\"http:\/\/gobiernojima.gob.ec\/azuay\/wp-content\/uploads\/2016\/02\/ACTA-138-APROBACION-DEL-PRESUPUESTO-2015.pdf\">Acta 138 &#8211; aprobaci\u00f3n del presupuesto 2015<\/a><\/p>\n<p><a href=\"http:\/\/gobiernojima.gob.ec\/azuay\/wp-content\/uploads\/2015\/10\/Acta-139-normativa-del-presupuesto-participativo-2015-1.pdf\" rel=\"\">Acta 139 &#8211; normativa del presupuesto participativo 2015<\/a><\/p>\n<p><a href=\"http:\/\/gobiernojima.gob.ec\/azuay\/wp-content\/uploads\/2015\/10\/Acta-161-presentacion-del-formulario-para-rendicion-de-cuentas-2015.pdf\" rel=\"\">Acta 161 &#8211; presentacion del formulario para rendicion de cuentas 2015<\/a><\/p>\n<p><a href=\"http:\/\/gobiernojima.gob.ec\/azuay\/wp-content\/uploads\/2015\/10\/Acta-162-aprobacion-del-formulario-para-a-rendicion-de-cuentas-2015.pdf\" rel=\"\">Acta 162 &#8211; aprobacion del formulario para a rendicion de cuentas 2015<\/a><\/p>\n<p><a href=\"http:\/\/gobiernojima.gob.ec\/azuay\/wp-content\/uploads\/2015\/10\/Acta-164-aprobacion-del-sistema-de-rendicion-de-cuentas-2015-diapositivas.pdf\" rel=\"\">Acta 164 &#8211; aprobacion del sistema de rendicion de cuentas 2015 (diapositivas)<\/a><\/p>\n<p><a href=\"http:\/\/gobiernojima.gob.ec\/azuay\/wp-content\/uploads\/2016\/02\/ASAMBLEAS-LOCALES-2015.pdf\">Asambleas locales 2015<\/a><\/p>\n<p><a href=\"http:\/\/gobiernojima.gob.ec\/azuay\/wp-content\/uploads\/2016\/02\/AUDIENCIAS-PUBLICAS-2015.pdf\">Audiencias p\u00fablicas 2015<\/a><\/p>\n<p><a href=\"http:\/\/gobiernojima.gob.ec\/azuay\/wp-content\/uploads\/2016\/02\/ACTAS-PDyOT.pdf\">Actas PDyOT<\/a><\/p>\n<p><a href=\"http:\/\/gobiernojima.gob.ec\/azuay\/wp-content\/uploads\/2016\/02\/ACTA-DE-PLANIFICACION-PARA-LA-RENDICION-DE-CUENTAS-2015.pdf\">Acta de planificaci\u00f3n y delegaci\u00f3n para la rendici\u00f3n de cuentas 2015<\/a><\/p>\n<p><a href=\"http:\/\/gobiernojima.gob.ec\/azuay\/wp-content\/uploads\/2016\/02\/ACTA-DE-RENDICION-DE-CUENTAS-2015.pdf\">Acta asamblea local de rendici\u00f3n de cuentas 2015<\/a><\/p>\n<p><a href=\"http:\/\/gobiernojima.gob.ec\/azuay\/wp-content\/uploads\/2015\/10\/Convenio-de-concurrencia-Consejo-Provincial.pdf.pdf\" rel=\"\">Convenio de concurrencia Consejo Provincial.pdf<\/a><\/p>\n","protected":false},"excerpt":{"rendered":"<p>Acta conformacion de consejo de participacion del GAD P JIMA.pdf Acta 138 &#8211; aprobaci\u00f3n del presupuesto 2015 Acta 139 &#8211; normativa del presupuesto participativo 2015 Acta 161 &#8211; presentacion del formulario para rendicion de cuentas 2015 Acta 162 &#8211; aprobacion del formulario para a rendicion de cuentas 2015 Acta 164 &#8211; aprobacion del sistema de [&hellip;]<\/p>\n","protected":false},"author":7,"featured_media":0,"parent":0,"menu_order":0,"comment_status":"closed","ping_status":"closed","template":"","meta":{"footnotes":""},"class_list":["post-1019","page","type-page","status-publish","hentry"],"yoast_head":"<!-- This site is optimized with the Yoast SEO plugin v26.9 - https:\/\/yoast.com\/product\/yoast-seo-wordpress\/ -->\n<title>A\u00f1o 2015 - GAD parroquial Jima<\/title>\n<meta name=\"robots\" content=\"index, follow, max-snippet:-1, max-image-preview:large, max-video-preview:-1\" \/>\n<link rel=\"canonical\" href=\"https:\/\/gobiernojima.gob.ec\/azuay\/ano-2015\/\" \/>\n<meta property=\"og:locale\" content=\"es_ES\" \/>\n<meta property=\"og:type\" content=\"article\" \/>\n<meta property=\"og:title\" content=\"A\u00f1o 2015 - GAD parroquial Jima\" \/>\n<meta property=\"og:description\" content=\"Acta conformacion de consejo de participacion del GAD P JIMA.pdf Acta 138 &#8211; aprobaci\u00f3n del presupuesto 2015 Acta 139 &#8211; normativa del presupuesto participativo 2015 Acta 161 &#8211; presentacion del formulario para rendicion de cuentas 2015 Acta 162 &#8211; aprobacion del formulario para a rendicion de cuentas 2015 Acta 164 &#8211; aprobacion del sistema de [&hellip;]\" \/>\n<meta property=\"og:url\" content=\"https:\/\/gobiernojima.gob.ec\/azuay\/ano-2015\/\" \/>\n<meta property=\"og:site_name\" content=\"GAD parroquial Jima\" \/>\n<meta property=\"article:publisher\" content=\"https:\/\/www.facebook.com\/profile.php?id=100092480238734\" \/>\n<meta property=\"article:modified_time\" content=\"2016-04-13T17:51:23+00:00\" \/>\n<meta name=\"twitter:card\" content=\"summary_large_image\" \/>\n<script type=\"application\/ld+json\" class=\"yoast-schema-graph\">{\"@context\":\"https:\/\/schema.org\",\"@graph\":[{\"@type\":\"WebPage\",\"@id\":\"https:\/\/gobiernojima.gob.ec\/azuay\/ano-2015\/\",\"url\":\"https:\/\/gobiernojima.gob.ec\/azuay\/ano-2015\/\",\"name\":\"A\u00f1o 2015 - GAD parroquial Jima\",\"isPartOf\":{\"@id\":\"https:\/\/gobiernojima.gob.ec\/azuay\/#website\"},\"datePublished\":\"2016-04-13T17:43:36+00:00\",\"dateModified\":\"2016-04-13T17:51:23+00:00\",\"breadcrumb\":{\"@id\":\"https:\/\/gobiernojima.gob.ec\/azuay\/ano-2015\/#breadcrumb\"},\"inLanguage\":\"es\",\"potentialAction\":[{\"@type\":\"ReadAction\",\"target\":[\"https:\/\/gobiernojima.gob.ec\/azuay\/ano-2015\/\"]}]},{\"@type\":\"BreadcrumbList\",\"@id\":\"https:\/\/gobiernojima.gob.ec\/azuay\/ano-2015\/#breadcrumb\",\"itemListElement\":[{\"@type\":\"ListItem\",\"position\":1,\"name\":\"Portada\",\"item\":\"https:\/\/gobiernojima.gob.ec\/azuay\/\"},{\"@type\":\"ListItem\",\"position\":2,\"name\":\"A\u00f1o 2015\"}]},{\"@type\":\"WebSite\",\"@id\":\"https:\/\/gobiernojima.gob.ec\/azuay\/#website\",\"url\":\"https:\/\/gobiernojima.gob.ec\/azuay\/\",\"name\":\"GAD parroquial Jima\",\"description\":\"Sitio Oficial del GAD Parroquial Jima Azuay\",\"publisher\":{\"@id\":\"https:\/\/gobiernojima.gob.ec\/azuay\/#organization\"},\"potentialAction\":[{\"@type\":\"SearchAction\",\"target\":{\"@type\":\"EntryPoint\",\"urlTemplate\":\"https:\/\/gobiernojima.gob.ec\/azuay\/?s={search_term_string}\"},\"query-input\":{\"@type\":\"PropertyValueSpecification\",\"valueRequired\":true,\"valueName\":\"search_term_string\"}}],\"inLanguage\":\"es\"},{\"@type\":\"Organization\",\"@id\":\"https:\/\/gobiernojima.gob.ec\/azuay\/#organization\",\"name\":\"GAD Jima Azuay\",\"url\":\"https:\/\/gobiernojima.gob.ec\/azuay\/\",\"logo\":{\"@type\":\"ImageObject\",\"inLanguage\":\"es\",\"@id\":\"https:\/\/gobiernojima.gob.ec\/azuay\/#\/schema\/logo\/image\/\",\"url\":\"https:\/\/gobiernojima.gob.ec\/azuay\/wp-content\/uploads\/2023\/11\/gobierno-Jima.jpg\",\"contentUrl\":\"https:\/\/gobiernojima.gob.ec\/azuay\/wp-content\/uploads\/2023\/11\/gobierno-Jima.jpg\",\"width\":1984,\"height\":2048,\"caption\":\"GAD Jima Azuay\"},\"image\":{\"@id\":\"https:\/\/gobiernojima.gob.ec\/azuay\/#\/schema\/logo\/image\/\"},\"sameAs\":[\"https:\/\/www.facebook.com\/profile.php?id=100092480238734\",\"https:\/\/www.instagram.com\/gadpjima\/\",\"https:\/\/www.tiktok.com\/@gadpjima?lang=es\"]}]}<\/script>\n<!-- \/ Yoast SEO plugin. -->","yoast_head_json":{"title":"A\u00f1o 2015 - GAD parroquial Jima","robots":{"index":"index","follow":"follow","max-snippet":"max-snippet:-1","max-image-preview":"max-image-preview:large","max-video-preview":"max-video-preview:-1"},"canonical":"https:\/\/gobiernojima.gob.ec\/azuay\/ano-2015\/","og_locale":"es_ES","og_type":"article","og_title":"A\u00f1o 2015 - GAD parroquial Jima","og_description":"Acta conformacion de consejo de participacion del GAD P JIMA.pdf Acta 138 &#8211; aprobaci\u00f3n del presupuesto 2015 Acta 139 &#8211; normativa del presupuesto participativo 2015 Acta 161 &#8211; presentacion del formulario para rendicion de cuentas 2015 Acta 162 &#8211; aprobacion del formulario para a rendicion de cuentas 2015 Acta 164 &#8211; aprobacion del sistema de [&hellip;]","og_url":"https:\/\/gobiernojima.gob.ec\/azuay\/ano-2015\/","og_site_name":"GAD parroquial Jima","article_publisher":"https:\/\/www.facebook.com\/profile.php?id=100092480238734","article_modified_time":"2016-04-13T17:51:23+00:00","twitter_card":"summary_large_image","schema":{"@context":"https:\/\/schema.org","@graph":[{"@type":"WebPage","@id":"https:\/\/gobiernojima.gob.ec\/azuay\/ano-2015\/","url":"https:\/\/gobiernojima.gob.ec\/azuay\/ano-2015\/","name":"A\u00f1o 2015 - GAD parroquial Jima","isPartOf":{"@id":"https:\/\/gobiernojima.gob.ec\/azuay\/#website"},"datePublished":"2016-04-13T17:43:36+00:00","dateModified":"2016-04-13T17:51:23+00:00","breadcrumb":{"@id":"https:\/\/gobiernojima.gob.ec\/azuay\/ano-2015\/#breadcrumb"},"inLanguage":"es","potentialAction":[{"@type":"ReadAction","target":["https:\/\/gobiernojima.gob.ec\/azuay\/ano-2015\/"]}]},{"@type":"BreadcrumbList","@id":"https:\/\/gobiernojima.gob.ec\/azuay\/ano-2015\/#breadcrumb","itemListElement":[{"@type":"ListItem","position":1,"name":"Portada","item":"https:\/\/gobiernojima.gob.ec\/azuay\/"},{"@type":"ListItem","position":2,"name":"A\u00f1o 2015"}]},{"@type":"WebSite","@id":"https:\/\/gobiernojima.gob.ec\/azuay\/#website","url":"https:\/\/gobiernojima.gob.ec\/azuay\/","name":"GAD parroquial Jima","description":"Sitio Oficial del GAD Parroquial Jima Azuay","publisher":{"@id":"https:\/\/gobiernojima.gob.ec\/azuay\/#organization"},"potentialAction":[{"@type":"SearchAction","target":{"@type":"EntryPoint","urlTemplate":"https:\/\/gobiernojima.gob.ec\/azuay\/?s={search_term_string}"},"query-input":{"@type":"PropertyValueSpecification","valueRequired":true,"valueName":"search_term_string"}}],"inLanguage":"es"},{"@type":"Organization","@id":"https:\/\/gobiernojima.gob.ec\/azuay\/#organization","name":"GAD Jima Azuay","url":"https:\/\/gobiernojima.gob.ec\/azuay\/","logo":{"@type":"ImageObject","inLanguage":"es","@id":"https:\/\/gobiernojima.gob.ec\/azuay\/#\/schema\/logo\/image\/","url":"https:\/\/gobiernojima.gob.ec\/azuay\/wp-content\/uploads\/2023\/11\/gobierno-Jima.jpg","contentUrl":"https:\/\/gobiernojima.gob.ec\/azuay\/wp-content\/uploads\/2023\/11\/gobierno-Jima.jpg","width":1984,"height":2048,"caption":"GAD Jima Azuay"},"image":{"@id":"https:\/\/gobiernojima.gob.ec\/azuay\/#\/schema\/logo\/image\/"},"sameAs":["https:\/\/www.facebook.com\/profile.php?id=100092480238734","https:\/\/www.instagram.com\/gadpjima\/","https:\/\/www.tiktok.com\/@gadpjima?lang=es"]}]}},"_links":{"self":[{"href":"https:\/\/gobiernojima.gob.ec\/azuay\/wp-json\/wp\/v2\/pages\/1019","targetHints":{"allow":["GET"]}}],"collection":[{"href":"https:\/\/gobiernojima.gob.ec\/azuay\/wp-json\/wp\/v2\/pages"}],"about":[{"href":"https:\/\/gobiernojima.gob.ec\/azuay\/wp-json\/wp\/v2\/types\/page"}],"author":[{"embeddable":true,"href":"https:\/\/gobiernojima.gob.ec\/azuay\/wp-json\/wp\/v2\/users\/7"}],"replies":[{"embeddable":true,"href":"https:\/\/gobiernojima.gob.ec\/azuay\/wp-json\/wp\/v2\/comments?post=1019"}],"version-history":[{"count":2,"href":"https:\/\/gobiernojima.gob.ec\/azuay\/wp-json\/wp\/v2\/pages\/1019\/revisions"}],"predecessor-version":[{"id":1032,"href":"https:\/\/gobiernojima.gob.ec\/azuay\/wp-json\/wp\/v2\/pages\/1019\/revisions\/1032"}],"wp:attachment":[{"href":"https:\/\/gobiernojima.gob.ec\/azuay\/wp-json\/wp\/v2\/media?parent=1019"}],"curies":[{"name":"wp","href":"https:\/\/api.w.org\/{rel}","templated":true}]}}